{"id":164,"date":"2025-03-28T10:22:18","date_gmt":"2025-03-28T10:22:18","guid":{"rendered":"http:\/\/desafinados.com\/?page_id=164"},"modified":"2026-01-09T17:29:53","modified_gmt":"2026-01-09T17:29:53","slug":"about","status":"publish","type":"page","link":"https:\/\/desafinados.com\/en\/about","title":{"rendered":"About"},"content":{"rendered":"<p>[et_pb_section fb_built=\u00bb1&#8243; admin_label=\u00bbAbout\u00bb _builder_version=\u00bb4.27.2&#8243; _module_preset=\u00bb4e38d086-e6e8-499b-90e7-858f433b51c2&#8243; collapsed=\u00bbon\u00bb global_colors_info=\u00bb{}\u00bb][et_pb_row _builder_version=\u00bb4.24.2&#8243; _module_preset=\u00bbdefault\u00bb global_colors_info=\u00bb{}\u00bb][et_pb_column type=\u00bb4_4&#8243; _builder_version=\u00bb4.24.2&#8243; _module_preset=\u00bbdefault\u00bb global_colors_info=\u00bb{}\u00bb][et_pb_heading title=\u00bbSobre Nosotros\u00bb _builder_version=\u00bb4.27.2&#8243; _module_preset=\u00bbddeb8c09-9078-4424-bc15-2efb6572e28e\u00bb title_text_align=\u00bbcenter\u00bb custom_margin=\u00bb||10px||false|false\u00bb global_colors_info=\u00bb{}\u00bb][\/et_pb_heading][et_pb_text _builder_version=\u00bb4.27.4&#8243; _module_preset=\u00bbbf8bd16d-fb07-45ed-a435-086c7bdcfbd9&#8243; text_orientation=\u00bbcenter\u00bb locked=\u00bboff\u00bb global_colors_info=\u00bb{}\u00bb]<\/p>\n<p style=\"text-align: justify;\" class=\"translation-block\">Desafinados was born from the personal need of its creator, Alan Leites, to produce his own products that connect with his ethical <em>Plant-Based<\/em> lifestyle. The search for options that respect the planet, aligned with a philosophy of respect for life, is reflected in the name \u2018Desafinados\u2019, which embraces the understanding that imperfections can be seen as part of the pursuit of a better life, without failing to enjoy today with what it offers us. It\u2019s like singing a song out of tune and yet seeing the beauty in being alive and singing anyway, even if it\u2019s in the bathroom or just for your dog. It\u2019s about accepting life\u2019s imperfections while continuing to strive to improve it.<\/p>\n<p style=\"text-align: justify;\">This multi-species family-run business offers T-shirts and mugs printed with original artistic designs, as well as stationery with themed illustrations. <em>Plant-Based<\/em>, adem\u00e1s de billeteras veganas hechas por Alan Leites.<\/p>\n<p>[\/et_pb_text][\/et_pb_column][\/et_pb_row][et_pb_row _builder_version=\u00bb4.27.4&#8243; _module_preset=\u00bbdefault\u00bb global_colors_info=\u00bb{}\u00bb][et_pb_column type=\u00bb4_4&#8243; _builder_version=\u00bb4.27.4&#8243; _module_preset=\u00bbdefault\u00bb global_colors_info=\u00bb{}\u00bb][et_pb_image src=\u00bbhttp:\/\/desafinados.com\/wp-content\/uploads\/2026\/01\/Grafico-Mision-Vision-Y-Valores-Profesional-Multicolor-ES.png\u00bb title_text=\u00bbGr\u00e1fico Misi\u00f3n Visi\u00f3n Y Valores Profesional Multicolor ES\u00bb _builder_version=\u00bb4.27.4&#8243; _module_preset=\u00bbdefault\u00bb hover_enabled=\u00bb0&#8243; global_colors_info=\u00bb{}\u00bb sticky_enabled=\u00bb0&#8243;][\/et_pb_image][\/et_pb_column][\/et_pb_row][et_pb_row disabled_on=\u00bbon|on|on\u00bb _builder_version=\u00bb4.27.4&#8243; _module_preset=\u00bbdefault\u00bb disabled=\u00bbon\u00bb global_colors_info=\u00bb{}\u00bb][et_pb_column type=\u00bb4_4&#8243; _builder_version=\u00bb4.24.2&#8243; _module_preset=\u00bbdefault\u00bb global_colors_info=\u00bb{}\u00bb][et_pb_heading title=\u00bbSobre m\u00ed\u00bb _builder_version=\u00bb4.27.2&#8243; _module_preset=\u00bbddeb8c09-9078-4424-bc15-2efb6572e28e\u00bb title_text_align=\u00bbcenter\u00bb custom_margin=\u00bb||10px||false|false\u00bb global_colors_info=\u00bb{}\u00bb][\/et_pb_heading][et_pb_text _builder_version=\u00bb4.27.4&#8243; _module_preset=\u00bbbf8bd16d-fb07-45ed-a435-086c7bdcfbd9&#8243; text_orientation=\u00bbcenter\u00bb locked=\u00bboff\u00bb global_colors_info=\u00bb{}\u00bb]<\/p>\n<p><span>\u275d<\/span>Solo soy un chico latinoamericano<\/p>\n<p><span style=\"color: #999999;\"><em>Eu sou apenas um rapaz latino-americano<\/em><\/span><\/p>\n<p>Sin dinero en el banco, sin parientes importantes<\/p>\n<p><span style=\"color: #999999;\"><em>Sem dinheiro no banco, sem parentes importantes<\/em><\/span><\/p>\n<p>Y viniendo del interior<\/p>\n<p><span style=\"color: #999999;\"><em>E vindo do interior<\/em><\/span><\/p>\n<p>Pero tengo una canci\u00f3n de la radio en mi cabeza<\/p>\n<p><span style=\"color: #999999;\"><em>Mas trago de cabe\u00e7a uma can\u00e7\u00e3o do r\u00e1dio<\/em><\/span><\/p>\n<p>Cuando un viejo compositor bahiano me dijo<\/p>\n<p><span style=\"color: #999999;\"><em>Em que um antigo compositor baiano me dizia<\/em><\/span><\/p>\n<p>\u00abTodo es divino, todo es maravilloso\u00bb<\/p>\n<p><span style=\"color: #999999;\"><em>Tudo \u00e9 divino, tudo \u00e9 maravilhoso\u275e<\/em><\/span><\/p>\n<p><span style=\"text-decoration: underline;\"><strong><em>Apenas Um Rapaz Latino Americano <\/em><\/strong><\/span>(en castellano: Un chico latino-americano).<\/p>\n<p>Belchior, cantautor brasile\u00f1o.<\/p>\n<p>[\/et_pb_text][\/et_pb_column][\/et_pb_row][et_pb_row disabled_on=\u00bbon|on|on\u00bb _builder_version=\u00bb4.27.4&#8243; _module_preset=\u00bbdefault\u00bb max_width=\u00bb500px\u00bb disabled=\u00bbon\u00bb global_colors_info=\u00bb{}\u00bb][et_pb_column type=\u00bb4_4&#8243; _builder_version=\u00bb4.24.2&#8243; _module_preset=\u00bbdefault\u00bb global_colors_info=\u00bb{}\u00bb][et_pb_image src=\u00bbhttps:\/\/desafinados.com\/wp-content\/uploads\/2025\/03\/2.jpg\u00bb title_text=\u00bb2&#8243; align=\u00bbcenter\u00bb disabled_on=\u00bbon|on|on\u00bb _builder_version=\u00bb4.27.4&#8243; _module_preset=\u00bb_initial\u00bb border_radii=\u00bboff|500px|500px||\u00bb disabled=\u00bbon\u00bb global_colors_info=\u00bb{}\u00bb][\/et_pb_image][\/et_pb_column][\/et_pb_row][et_pb_row _builder_version=\u00bb4.27.4&#8243; _module_preset=\u00bbdefault\u00bb global_colors_info=\u00bb{}\u00bb][et_pb_column type=\u00bb4_4&#8243; _builder_version=\u00bb4.27.4&#8243; _module_preset=\u00bbdefault\u00bb global_colors_info=\u00bb{}\u00bb][et_pb_text _builder_version=\u00bb4.27.4&#8243; _module_preset=\u00bbdefault\u00bb global_colors_info=\u00bb{}\u00bb]<\/p>\n<p style=\"text-align: center;\"><strong>somos@desafinados.com<\/strong><\/p>\n<p>[\/et_pb_text][\/et_pb_column][\/et_pb_row][\/et_pb_section]<\/p>","protected":false},"excerpt":{"rendered":"<p>Desafinados surge de la necesidad personal de su creador, Alan Leites, de producir sus proprios productos que se conecten a su estilo de vida \u00e9tico Plant-Based. La b\u00fasqueda por opciones respectuosa con el planeta alineado a una filosof\u00eda de respeto a la vida, lleva en su nombre \u00a8Desafinados\u00a8 la comprensi\u00f3n de que las imperfcciones pueden [&hellip;]<\/p>","protected":false},"author":1,"featured_media":0,"parent":0,"menu_order":0,"comment_status":"closed","ping_status":"closed","template":"","meta":{"_et_pb_use_builder":"on","_et_pb_old_content":"","_et_gb_content_width":"","footnotes":""},"class_list":["post-164","page","type-page","status-publish","hentry"],"_links":{"self":[{"href":"https:\/\/desafinados.com\/en\/wp-json\/wp\/v2\/pages\/164","targetHints":{"allow":["GET"]}}],"collection":[{"href":"https:\/\/desafinados.com\/en\/wp-json\/wp\/v2\/pages"}],"about":[{"href":"https:\/\/desafinados.com\/en\/wp-json\/wp\/v2\/types\/page"}],"author":[{"embeddable":true,"href":"https:\/\/desafinados.com\/en\/wp-json\/wp\/v2\/users\/1"}],"replies":[{"embeddable":true,"href":"https:\/\/desafinados.com\/en\/wp-json\/wp\/v2\/comments?post=164"}],"version-history":[{"count":11,"href":"https:\/\/desafinados.com\/en\/wp-json\/wp\/v2\/pages\/164\/revisions"}],"predecessor-version":[{"id":374,"href":"https:\/\/desafinados.com\/en\/wp-json\/wp\/v2\/pages\/164\/revisions\/374"}],"wp:attachment":[{"href":"https:\/\/desafinados.com\/en\/wp-json\/wp\/v2\/media?parent=164"}],"curies":[{"name":"wp","href":"https:\/\/api.w.org\/{rel}","templated":true}]}}